{"id":2392,"date":"2025-02-21T07:29:33","date_gmt":"2025-02-21T07:29:33","guid":{"rendered":"https:\/\/caballofilms.es\/?page_id=2392"},"modified":"2025-05-08T08:26:40","modified_gmt":"2025-05-08T08:26:40","slug":"contacto","status":"publish","type":"page","link":"https:\/\/caballofilms.com\/en\/contacto\/","title":{"rendered":"CONTACT"},"content":{"rendered":"<div data-elementor-type=\"wp-page\" data-elementor-id=\"2392\" class=\"elementor elementor-2392\" data-elementor-post-type=\"page\">\n\t\t\t\t<div class=\"elementor-element elementor-element-fbc5e9e elementor-hidden-tablet elementor-hidden-mobile e-flex e-con-boxed e-con e-parent\" data-id=\"fbc5e9e\" data-element_type=\"container\">\n\t\t\t\t\t<div class=\"e-con-inner\">\n\t\t<div class=\"elementor-element elementor-element-a6b7196 e-con-full e-flex e-con e-child\" data-id=\"a6b7196\" data-element_type=\"container\">\n\t\t\t\t<div class=\"elementor-element elementor-element-a125ece elementor-widget elementor-widget-heading\" data-id=\"a125ece\" data-element_type=\"widget\" data-widget_type=\"heading.default\">\n\t\t\t\t<div class=\"elementor-widget-container\">\n\t\t\t\t\t<h2 class=\"elementor-heading-title elementor-size-default\">CONTACT<\/h2>\t\t\t\t<\/div>\n\t\t\t\t<\/div>\n\t\t\t\t<\/div>\n\t\t<div class=\"elementor-element elementor-element-1557c63 e-flex e-con-boxed e-con e-child\" data-id=\"1557c63\" data-element_type=\"container\">\n\t\t\t\t\t<div class=\"e-con-inner\">\n\t\t<div class=\"elementor-element elementor-element-ec5c46b e-flex e-con-boxed e-con e-child\" data-id=\"ec5c46b\" data-element_type=\"container\">\n\t\t\t\t\t<div class=\"e-con-inner\">\n\t\t\t\t<div class=\"elementor-element elementor-element-b4b11fa elementor-widget-divider--view-line elementor-widget elementor-widget-divider\" data-id=\"b4b11fa\" data-element_type=\"widget\" data-widget_type=\"divider.default\">\n\t\t\t\t<div class=\"elementor-widget-container\">\n\t\t\t\t\t\t\t<div class=\"elementor-divider\">\n\t\t\t<span class=\"elementor-divider-separator\">\n\t\t\t\t\t\t<\/span>\n\t\t<\/div>\n\t\t\t\t\t\t<\/div>\n\t\t\t\t<\/div>\n\t\t\t\t\t<\/div>\n\t\t\t\t<\/div>\n\t\t<div class=\"elementor-element elementor-element-e9ba0ce e-con-full e-flex e-con e-child\" data-id=\"e9ba0ce\" data-element_type=\"container\">\n\t\t<div class=\"elementor-element elementor-element-62669d2 e-con-full e-flex e-con e-child\" data-id=\"62669d2\" data-element_type=\"container\">\n\t\t\t\t<div class=\"elementor-element elementor-element-c65a3a2 elementor-widget elementor-widget-heading\" data-id=\"c65a3a2\" data-element_type=\"widget\" data-widget_type=\"heading.default\">\n\t\t\t\t<div class=\"elementor-widget-container\">\n\t\t\t\t\t<h2 class=\"elementor-heading-title elementor-size-default\">LET'S TALK<\/h2>\t\t\t\t<\/div>\n\t\t\t\t<\/div>\n\t\t\t\t<\/div>\n\t\t<div class=\"elementor-element elementor-element-f88f51d e-con-full e-flex e-con e-child\" data-id=\"f88f51d\" data-element_type=\"container\">\n\t\t\t\t<div class=\"elementor-element elementor-element-21a7c61 elementor-widget elementor-widget-heading\" data-id=\"21a7c61\" data-element_type=\"widget\" data-widget_type=\"heading.default\">\n\t\t\t\t<div class=\"elementor-widget-container\">\n\t\t\t\t\t<h2 class=\"elementor-heading-title elementor-size-default\">info@caballofilms.com<\/h2>\t\t\t\t<\/div>\n\t\t\t\t<\/div>\n\t\t\t\t<\/div>\n\t\t\t\t<\/div>\n\t\t\t\t\t<\/div>\n\t\t\t\t<\/div>\n\t\t<div class=\"elementor-element elementor-element-d34e7fc e-con-full e-flex e-con e-child\" data-id=\"d34e7fc\" data-element_type=\"container\">\n\t\t<div class=\"elementor-element elementor-element-c60ded4 e-con-full e-flex e-con e-child\" data-id=\"c60ded4\" data-element_type=\"container\">\n\t\t\t\t<div class=\"elementor-element elementor-element-01b8edf elementor-widget-divider--view-line elementor-widget elementor-widget-divider\" data-id=\"01b8edf\" data-element_type=\"widget\" data-widget_type=\"divider.default\">\n\t\t\t\t<div class=\"elementor-widget-container\">\n\t\t\t\t\t\t\t<div class=\"elementor-divider\">\n\t\t\t<span class=\"elementor-divider-separator\">\n\t\t\t\t\t\t<\/span>\n\t\t<\/div>\n\t\t\t\t\t\t<\/div>\n\t\t\t\t<\/div>\n\t\t\t\t<\/div>\n\t\t<div class=\"elementor-element elementor-element-93fee87 e-con-full e-flex e-con e-child\" data-id=\"93fee87\" data-element_type=\"container\">\n\t\t<div class=\"elementor-element elementor-element-8c9436b e-con-full e-flex e-con e-child\" data-id=\"8c9436b\" data-element_type=\"container\">\n\t\t\t\t<div class=\"elementor-element elementor-element-bb96a2d elementor-widget elementor-widget-heading\" data-id=\"bb96a2d\" data-element_type=\"widget\" data-widget_type=\"heading.default\">\n\t\t\t\t<div class=\"elementor-widget-container\">\n\t\t\t\t\t<h2 class=\"elementor-heading-title elementor-size-default\">WORK WITH US<\/h2>\t\t\t\t<\/div>\n\t\t\t\t<\/div>\n\t\t\t\t<\/div>\n\t\t<div class=\"elementor-element elementor-element-4ed6358 e-con-full e-flex e-con e-child\" data-id=\"4ed6358\" data-element_type=\"container\">\n\t\t\t\t<div class=\"elementor-element elementor-element-c055ebe elementor-widget elementor-widget-text-editor\" data-id=\"c055ebe\" data-element_type=\"widget\" data-widget_type=\"text-editor.default\">\n\t\t\t\t<div class=\"elementor-widget-container\">\n\t\t\t\t\t\t\t\t\t<p>For legal reasons and in compliance with current data protection regulations (GDPR), we do not accept the submission of r\u00e9sum\u00e9s through this website or via email. When vacancies are available, they will be published exclusively on our <span style=\"text-decoration: underline;\"><span style=\"color: #ffffff;\"><a style=\"color: #ffffff; text-decoration: underline;\" href=\"https:\/\/www.linkedin.com\/company\/caballo-films-sl\/\" target=\"_blank\" rel=\"noopener\">LinkedIn page.<\/a><\/span><\/span><\/p>\t\t\t\t\t\t\t\t<\/div>\n\t\t\t\t<\/div>\n\t\t\t\t<\/div>\n\t\t\t\t<\/div>\n\t\t\t\t<\/div>\n\t\t<div class=\"elementor-element elementor-element-5c42f60 e-con-full e-flex e-con e-child\" data-id=\"5c42f60\" data-element_type=\"container\">\n\t\t<div class=\"elementor-element elementor-element-c651e4a e-con-full e-flex e-con e-child\" data-id=\"c651e4a\" data-element_type=\"container\">\n\t\t\t\t<div class=\"elementor-element elementor-element-cd7e49a elementor-widget-divider--view-line elementor-widget elementor-widget-divider\" data-id=\"cd7e49a\" data-element_type=\"widget\" data-widget_type=\"divider.default\">\n\t\t\t\t<div class=\"elementor-widget-container\">\n\t\t\t\t\t\t\t<div class=\"elementor-divider\">\n\t\t\t<span class=\"elementor-divider-separator\">\n\t\t\t\t\t\t<\/span>\n\t\t<\/div>\n\t\t\t\t\t\t<\/div>\n\t\t\t\t<\/div>\n\t\t\t\t<\/div>\n\t\t<div class=\"elementor-element elementor-element-af28f6f e-con-full e-flex e-con e-child\" data-id=\"af28f6f\" data-element_type=\"container\">\n\t\t<div class=\"elementor-element elementor-element-3055458 e-con-full e-flex e-con e-child\" data-id=\"3055458\" data-element_type=\"container\">\n\t\t\t\t<div class=\"elementor-element elementor-element-641b2a0 elementor-widget elementor-widget-heading\" data-id=\"641b2a0\" data-element_type=\"widget\" data-widget_type=\"heading.default\">\n\t\t\t\t<div class=\"elementor-widget-container\">\n\t\t\t\t\t<h2 class=\"elementor-heading-title elementor-size-default\">Creative proposals<\/h2>\t\t\t\t<\/div>\n\t\t\t\t<\/div>\n\t\t\t\t<\/div>\n\t\t<div class=\"elementor-element elementor-element-f5a1cfc e-con-full e-flex e-con e-child\" data-id=\"f5a1cfc\" data-element_type=\"container\">\n\t\t\t\t<div class=\"elementor-element elementor-element-9059581 elementor-widget elementor-widget-text-editor\" data-id=\"9059581\" data-element_type=\"widget\" data-widget_type=\"text-editor.default\">\n\t\t\t\t<div class=\"elementor-widget-container\">\n\t\t\t\t\t\t\t\t\t<p>For legal reasons, we do not accept or review scripts, treatments, or any other copyrighted creative material that is submitted to us unsolicited. If you have a creative proposal you would like to share with us, please fill out the following <span style=\"color: #ffffff;\"><a style=\"color: #ffffff;\" href=\"\/en\/contacto\/formulario\/\"><span style=\"text-decoration: underline;\">form.<\/span><\/a><\/span><\/p>\t\t\t\t\t\t\t\t<\/div>\n\t\t\t\t<\/div>\n\t\t\t\t<\/div>\n\t\t\t\t<\/div>\n\t\t\t\t<\/div>\n\t\t<div class=\"elementor-element elementor-element-b24ecfc e-con-full e-flex e-con e-child\" data-id=\"b24ecfc\" data-element_type=\"container\">\n\t\t<div class=\"elementor-element elementor-element-959a651 e-con-full e-flex e-con e-child\" data-id=\"959a651\" data-element_type=\"container\">\n\t\t\t\t<div class=\"elementor-element elementor-element-c3ecb9d elementor-widget-divider--view-line elementor-widget elementor-widget-divider\" data-id=\"c3ecb9d\" data-element_type=\"widget\" data-widget_type=\"divider.default\">\n\t\t\t\t<div class=\"elementor-widget-container\">\n\t\t\t\t\t\t\t<div class=\"elementor-divider\">\n\t\t\t<span class=\"elementor-divider-separator\">\n\t\t\t\t\t\t<\/span>\n\t\t<\/div>\n\t\t\t\t\t\t<\/div>\n\t\t\t\t<\/div>\n\t\t\t\t<\/div>\n\t\t<div class=\"elementor-element elementor-element-9d963cf e-con-full e-flex e-con e-child\" data-id=\"9d963cf\" data-element_type=\"container\">\n\t\t<div class=\"elementor-element elementor-element-abcfb25 e-con-full e-flex e-con e-child\" data-id=\"abcfb25\" data-element_type=\"container\">\n\t\t\t\t<div class=\"elementor-element elementor-element-95126ef elementor-widget elementor-widget-heading\" data-id=\"95126ef\" data-element_type=\"widget\" data-widget_type=\"heading.default\">\n\t\t\t\t<div class=\"elementor-widget-container\">\n\t\t\t\t\t<h2 class=\"elementor-heading-title elementor-size-default\">FOLLOW US<\/h2>\t\t\t\t<\/div>\n\t\t\t\t<\/div>\n\t\t\t\t<\/div>\n\t\t<div class=\"elementor-element elementor-element-106e5f4 e-con-full e-flex e-con e-child\" data-id=\"106e5f4\" data-element_type=\"container\">\n\t\t\t\t<div class=\"elementor-element elementor-element-04181c1 elementor-widget__width-initial elementor-widget elementor-widget-heading\" data-id=\"04181c1\" data-element_type=\"widget\" data-widget_type=\"heading.default\">\n\t\t\t\t<div class=\"elementor-widget-container\">\n\t\t\t\t\t<h2 class=\"elementor-heading-title elementor-size-default\"><a href=\"https:\/\/www.instagram.com\/caballofilms\/\" target=\"_blank\" rel=\"noopener\">Instagram<\/a><\/h2>\t\t\t\t<\/div>\n\t\t\t\t<\/div>\n\t\t\t\t<div class=\"elementor-element elementor-element-54050f0 elementor-widget__width-inherit elementor-widget elementor-widget-heading\" data-id=\"54050f0\" data-element_type=\"widget\" data-widget_type=\"heading.default\">\n\t\t\t\t<div class=\"elementor-widget-container\">\n\t\t\t\t\t<h2 class=\"elementor-heading-title elementor-size-default\"><a href=\"https:\/\/www.linkedin.com\/company\/caballo-films-sl\/\" target=\"_blank\" rel=\"noopener\">Linkedin<\/a><\/h2>\t\t\t\t<\/div>\n\t\t\t\t<\/div>\n\t\t\t\t<\/div>\n\t\t\t\t<\/div>\n\t\t\t\t<\/div>\n\t\t\t\t\t<\/div>\n\t\t\t\t<\/div>\n\t\t<div class=\"elementor-element elementor-element-748007d elementor-hidden-desktop e-flex e-con-boxed e-con e-parent\" data-id=\"748007d\" data-element_type=\"container\">\n\t\t\t\t\t<div class=\"e-con-inner\">\n\t\t<div class=\"elementor-element elementor-element-fd4c04d e-con-full e-flex e-con e-child\" data-id=\"fd4c04d\" data-element_type=\"container\">\n\t\t\t\t<div class=\"elementor-element elementor-element-b5189a6 elementor-widget elementor-widget-heading\" data-id=\"b5189a6\" data-element_type=\"widget\" data-widget_type=\"heading.default\">\n\t\t\t\t<div class=\"elementor-widget-container\">\n\t\t\t\t\t<h2 class=\"elementor-heading-title elementor-size-default\">CONTACT<\/h2>\t\t\t\t<\/div>\n\t\t\t\t<\/div>\n\t\t\t\t<\/div>\n\t\t<div class=\"elementor-element elementor-element-28fb49b e-flex e-con-boxed e-con e-child\" data-id=\"28fb49b\" data-element_type=\"container\">\n\t\t\t\t\t<div class=\"e-con-inner\">\n\t\t<div class=\"elementor-element elementor-element-2be5265 e-flex e-con-boxed e-con e-child\" data-id=\"2be5265\" data-element_type=\"container\">\n\t\t\t\t\t<div class=\"e-con-inner\">\n\t\t\t\t<div class=\"elementor-element elementor-element-2ad358e elementor-widget-divider--view-line elementor-widget elementor-widget-divider\" data-id=\"2ad358e\" data-element_type=\"widget\" data-widget_type=\"divider.default\">\n\t\t\t\t<div class=\"elementor-widget-container\">\n\t\t\t\t\t\t\t<div class=\"elementor-divider\">\n\t\t\t<span class=\"elementor-divider-separator\">\n\t\t\t\t\t\t<\/span>\n\t\t<\/div>\n\t\t\t\t\t\t<\/div>\n\t\t\t\t<\/div>\n\t\t\t\t\t<\/div>\n\t\t\t\t<\/div>\n\t\t<div class=\"elementor-element elementor-element-2cdd970 e-con-full e-flex e-con e-child\" data-id=\"2cdd970\" data-element_type=\"container\">\n\t\t\t\t<div class=\"elementor-element elementor-element-bf52d29 elementor-widget elementor-widget-heading\" data-id=\"bf52d29\" data-element_type=\"widget\" data-widget_type=\"heading.default\">\n\t\t\t\t<div class=\"elementor-widget-container\">\n\t\t\t\t\t<h2 class=\"elementor-heading-title elementor-size-default\">LET'S TALK<\/h2>\t\t\t\t<\/div>\n\t\t\t\t<\/div>\n\t\t\t\t<div class=\"elementor-element elementor-element-ca3b897 elementor-widget elementor-widget-heading\" data-id=\"ca3b897\" data-element_type=\"widget\" data-widget_type=\"heading.default\">\n\t\t\t\t<div class=\"elementor-widget-container\">\n\t\t\t\t\t<h2 class=\"elementor-heading-title elementor-size-default\">info@caballofilms.com<\/h2>\t\t\t\t<\/div>\n\t\t\t\t<\/div>\n\t\t\t\t<\/div>\n\t\t\t\t\t<\/div>\n\t\t\t\t<\/div>\n\t\t<div class=\"elementor-element elementor-element-9a6e5da e-con-full e-flex e-con e-child\" data-id=\"9a6e5da\" data-element_type=\"container\">\n\t\t<div class=\"elementor-element elementor-element-27a5e18 e-flex e-con-boxed e-con e-child\" data-id=\"27a5e18\" data-element_type=\"container\">\n\t\t\t\t\t<div class=\"e-con-inner\">\n\t\t\t\t<div class=\"elementor-element elementor-element-887b8e8 elementor-widget-divider--view-line elementor-widget elementor-widget-divider\" data-id=\"887b8e8\" data-element_type=\"widget\" data-widget_type=\"divider.default\">\n\t\t\t\t<div class=\"elementor-widget-container\">\n\t\t\t\t\t\t\t<div class=\"elementor-divider\">\n\t\t\t<span class=\"elementor-divider-separator\">\n\t\t\t\t\t\t<\/span>\n\t\t<\/div>\n\t\t\t\t\t\t<\/div>\n\t\t\t\t<\/div>\n\t\t\t\t\t<\/div>\n\t\t\t\t<\/div>\n\t\t<div class=\"elementor-element elementor-element-ada7cf0 e-con-full e-flex e-con e-child\" data-id=\"ada7cf0\" data-element_type=\"container\">\n\t\t\t\t<div class=\"elementor-element elementor-element-e45e0b9 elementor-widget elementor-widget-heading\" data-id=\"e45e0b9\" data-element_type=\"widget\" data-widget_type=\"heading.default\">\n\t\t\t\t<div class=\"elementor-widget-container\">\n\t\t\t\t\t<h2 class=\"elementor-heading-title elementor-size-default\">WORK WITH US<\/h2>\t\t\t\t<\/div>\n\t\t\t\t<\/div>\n\t\t\t\t<div class=\"elementor-element elementor-element-7a01a50 elementor-widget elementor-widget-text-editor\" data-id=\"7a01a50\" data-element_type=\"widget\" data-widget_type=\"text-editor.default\">\n\t\t\t\t<div class=\"elementor-widget-container\">\n\t\t\t\t\t\t\t\t\t<p>For legal reasons and in compliance with current data protection regulations (GDPR), we do not accept the submission of r\u00e9sum\u00e9s through this website or via email. When vacancies are available, they will be published exclusively on our <span style=\"text-decoration: underline;\"><span style=\"color: #ffffff;\"><a style=\"color: #ffffff; text-decoration: underline;\" href=\"https:\/\/www.linkedin.com\/company\/caballo-films-sl\/\" target=\"_blank\" rel=\"noopener\">LinkedIn page.<\/a><\/span><\/span><\/p>\t\t\t\t\t\t\t\t<\/div>\n\t\t\t\t<\/div>\n\t\t\t\t<\/div>\n\t\t\t\t<\/div>\n\t\t<div class=\"elementor-element elementor-element-8b06353 e-con-full e-flex e-con e-child\" data-id=\"8b06353\" data-element_type=\"container\">\n\t\t<div class=\"elementor-element elementor-element-2de30e1 e-flex e-con-boxed e-con e-child\" data-id=\"2de30e1\" data-element_type=\"container\">\n\t\t\t\t\t<div class=\"e-con-inner\">\n\t\t\t\t<div class=\"elementor-element elementor-element-00a8e7e elementor-widget-divider--view-line elementor-widget elementor-widget-divider\" data-id=\"00a8e7e\" data-element_type=\"widget\" data-widget_type=\"divider.default\">\n\t\t\t\t<div class=\"elementor-widget-container\">\n\t\t\t\t\t\t\t<div class=\"elementor-divider\">\n\t\t\t<span class=\"elementor-divider-separator\">\n\t\t\t\t\t\t<\/span>\n\t\t<\/div>\n\t\t\t\t\t\t<\/div>\n\t\t\t\t<\/div>\n\t\t\t\t\t<\/div>\n\t\t\t\t<\/div>\n\t\t<div class=\"elementor-element elementor-element-cc960c0 e-con-full e-flex e-con e-child\" data-id=\"cc960c0\" data-element_type=\"container\">\n\t\t\t\t<div class=\"elementor-element elementor-element-bfd0adb elementor-widget elementor-widget-heading\" data-id=\"bfd0adb\" data-element_type=\"widget\" data-widget_type=\"heading.default\">\n\t\t\t\t<div class=\"elementor-widget-container\">\n\t\t\t\t\t<h2 class=\"elementor-heading-title elementor-size-default\">creative proposals<\/h2>\t\t\t\t<\/div>\n\t\t\t\t<\/div>\n\t\t\t\t<div class=\"elementor-element elementor-element-9e52954 elementor-widget elementor-widget-text-editor\" data-id=\"9e52954\" data-element_type=\"widget\" data-widget_type=\"text-editor.default\">\n\t\t\t\t<div class=\"elementor-widget-container\">\n\t\t\t\t\t\t\t\t\t<p>For legal reasons, we do not accept or review scripts, treatments, or any other copyrighted creative material that is submitted to us unsolicited. If you have a creative proposal you would like to share with us, please fill out the following <span style=\"text-decoration: underline; color: #ffffff;\"><a style=\"color: #ffffff; text-decoration: underline;\" href=\"https:\/\/caballofilms.es\/formulario\/\" target=\"_blank\" rel=\"noopener\">form.<\/a><\/span><\/p>\t\t\t\t\t\t\t\t<\/div>\n\t\t\t\t<\/div>\n\t\t\t\t<\/div>\n\t\t\t\t<\/div>\n\t\t<div class=\"elementor-element elementor-element-b2de00a e-con-full e-flex e-con e-child\" data-id=\"b2de00a\" data-element_type=\"container\">\n\t\t<div class=\"elementor-element elementor-element-d032a07 e-flex e-con-boxed e-con e-child\" data-id=\"d032a07\" data-element_type=\"container\">\n\t\t\t\t\t<div class=\"e-con-inner\">\n\t\t\t\t<div class=\"elementor-element elementor-element-ac23512 elementor-widget-divider--view-line elementor-widget elementor-widget-divider\" data-id=\"ac23512\" data-element_type=\"widget\" data-widget_type=\"divider.default\">\n\t\t\t\t<div class=\"elementor-widget-container\">\n\t\t\t\t\t\t\t<div class=\"elementor-divider\">\n\t\t\t<span class=\"elementor-divider-separator\">\n\t\t\t\t\t\t<\/span>\n\t\t<\/div>\n\t\t\t\t\t\t<\/div>\n\t\t\t\t<\/div>\n\t\t\t\t\t<\/div>\n\t\t\t\t<\/div>\n\t\t<div class=\"elementor-element elementor-element-9884512 e-con-full e-flex e-con e-child\" data-id=\"9884512\" data-element_type=\"container\">\n\t\t\t\t<div class=\"elementor-element elementor-element-83698fe elementor-widget elementor-widget-heading\" data-id=\"83698fe\" data-element_type=\"widget\" data-widget_type=\"heading.default\">\n\t\t\t\t<div class=\"elementor-widget-container\">\n\t\t\t\t\t<h2 class=\"elementor-heading-title elementor-size-default\">Follow Us<\/h2>\t\t\t\t<\/div>\n\t\t\t\t<\/div>\n\t\t\t\t<div class=\"elementor-element elementor-element-6313756 elementor-widget elementor-widget-heading\" data-id=\"6313756\" data-element_type=\"widget\" data-widget_type=\"heading.default\">\n\t\t\t\t<div class=\"elementor-widget-container\">\n\t\t\t\t\t<h2 class=\"elementor-heading-title elementor-size-default\"><a href=\"https:\/\/www.instagram.com\/caballofilms\/\" target=\"_blank\" rel=\"noopener\">Instagram<\/a><\/h2>\t\t\t\t<\/div>\n\t\t\t\t<\/div>\n\t\t\t\t<div class=\"elementor-element elementor-element-4a5afef elementor-widget elementor-widget-heading\" data-id=\"4a5afef\" data-element_type=\"widget\" data-widget_type=\"heading.default\">\n\t\t\t\t<div class=\"elementor-widget-container\">\n\t\t\t\t\t<h2 class=\"elementor-heading-title elementor-size-default\"><a href=\"https:\/\/www.linkedin.com\/company\/caballo-films-sl\/\" target=\"_blank\" rel=\"noopener\">Linkedin<\/a><\/h2>\t\t\t\t<\/div>\n\t\t\t\t<\/div>\n\t\t\t\t<\/div>\n\t\t\t\t<\/div>\n\t\t\t\t\t<\/div>\n\t\t\t\t<\/div>\n\t\t\t\t<\/div>","protected":false},"excerpt":{"rendered":"<p>CONTACTO HABLEMOS info@caballofilms.com TRABAJA CON NOSOTROS Por motivos legales y en cumplimiento con la normativa vigente en materia de protecci\u00f3n de datos (RGPD), no aceptamos el env\u00edo de curr\u00edculums a trav\u00e9s de esta p\u00e1gina web ni por correo electr\u00f3nico. Cuando existan vacantes disponibles, se publicar\u00e1n exclusivamente a trav\u00e9s de nuestra p\u00e1gina de LinkedIn. PROPUESTAS CREATIVAS [&hellip;]<\/p>","protected":false},"author":1,"featured_media":0,"parent":0,"menu_order":0,"comment_status":"closed","ping_status":"closed","template":"","meta":{"footnotes":""},"class_list":["post-2392","page","type-page","status-publish","hentry"],"_links":{"self":[{"href":"https:\/\/caballofilms.com\/en\/wp-json\/wp\/v2\/pages\/2392","targetHints":{"allow":["GET"]}}],"collection":[{"href":"https:\/\/caballofilms.com\/en\/wp-json\/wp\/v2\/pages"}],"about":[{"href":"https:\/\/caballofilms.com\/en\/wp-json\/wp\/v2\/types\/page"}],"author":[{"embeddable":true,"href":"https:\/\/caballofilms.com\/en\/wp-json\/wp\/v2\/users\/1"}],"replies":[{"embeddable":true,"href":"https:\/\/caballofilms.com\/en\/wp-json\/wp\/v2\/comments?post=2392"}],"version-history":[{"count":100,"href":"https:\/\/caballofilms.com\/en\/wp-json\/wp\/v2\/pages\/2392\/revisions"}],"predecessor-version":[{"id":5023,"href":"https:\/\/caballofilms.com\/en\/wp-json\/wp\/v2\/pages\/2392\/revisions\/5023"}],"wp:attachment":[{"href":"https:\/\/caballofilms.com\/en\/wp-json\/wp\/v2\/media?parent=2392"}],"curies":[{"name":"wp","href":"https:\/\/api.w.org\/{rel}","templated":true}]}}