{"id":2422,"date":"2025-02-21T08:27:10","date_gmt":"2025-02-21T08:27:10","guid":{"rendered":"https:\/\/caballofilms.es\/?page_id=2422"},"modified":"2025-05-05T17:11:26","modified_gmt":"2025-05-05T17:11:26","slug":"aviso-legal","status":"publish","type":"page","link":"https:\/\/caballofilms.com\/en\/aviso-legal\/","title":{"rendered":"Legal Notice"},"content":{"rendered":"<div data-elementor-type=\"wp-page\" data-elementor-id=\"2422\" class=\"elementor elementor-2422\" data-elementor-post-type=\"page\">\n\t\t\t\t<div class=\"elementor-element elementor-element-f07ac57 e-con-full e-flex e-con e-parent\" data-id=\"f07ac57\" data-element_type=\"container\">\n\t\t\t\t<div class=\"elementor-element elementor-element-9305c66 elementor-widget elementor-widget-heading\" data-id=\"9305c66\" data-element_type=\"widget\" data-widget_type=\"heading.default\">\n\t\t\t\t<div class=\"elementor-widget-container\">\n\t\t\t\t\t<h2 class=\"elementor-heading-title elementor-size-default\">LEGAL NOTICE<\/h2>\t\t\t\t<\/div>\n\t\t\t\t<\/div>\n\t\t\t\t<div class=\"elementor-element elementor-element-9153a49 elementor-widget-divider--view-line elementor-widget elementor-widget-divider\" data-id=\"9153a49\" data-element_type=\"widget\" data-widget_type=\"divider.default\">\n\t\t\t\t<div class=\"elementor-widget-container\">\n\t\t\t\t\t\t\t<div class=\"elementor-divider\">\n\t\t\t<span class=\"elementor-divider-separator\">\n\t\t\t\t\t\t<\/span>\n\t\t<\/div>\n\t\t\t\t\t\t<\/div>\n\t\t\t\t<\/div>\n\t\t\t\t<div class=\"elementor-element elementor-element-c7bdba6 elementor-widget elementor-widget-text-editor\" data-id=\"c7bdba6\" data-element_type=\"widget\" data-widget_type=\"text-editor.default\">\n\t\t\t\t<div class=\"elementor-widget-container\">\n\t\t\t\t\t\t\t\t\t<p><span style=\"text-decoration: underline;\"><strong>IDENTIFICATION<\/strong><\/span><\/p><p>In compliance with the duty of information set out in Article 10 of Law 34\/2002, of 11 July, on Information Society Services and Electronic Commerce, CABALLO FILMS, S.L. (CABALLO FILMS) hereby informs you that the data provided below corresponds to the entity that owns this website www.caballofilms.com.<\/p><p class=\"translation-block\">Company Name: CABALLO FILMS, S.L.\nAddress: C\/ Colegiata 18, 4\u00ba derecha, 28012 MADRID, Spain\nTax ID (CIF): B85941060\nCommercial Registry Entry: Registered in the Madrid Commercial Registry, Volume 27,707, Page 67, Section 8, Sheet M-499334, Entry 1<\/p><p><span style=\"text-decoration: underline;\"><strong>INTELLECTUAL AND INDUSTRIAL PROPERTY<\/strong><\/span><\/p><p>All intellectual and industrial property rights related to the elements contained in this website, including trademarks, formats, graphic designs, texts, images, and documents, belong to CABALLO FILMS and are protected by Spanish and international intellectual and industrial property laws.<\/p><p>Reproduction, in whole or in part, of this website or any of its contents is expressly prohibited without the prior written consent of CABALLO FILMS.<\/p><p>Access to the website does not imply any waiver, transfer, license, or assignment of such rights by CABALLO FILMS, unless expressly stated otherwise.<\/p><p><span style=\"text-decoration: underline;\"><strong>CONDICIONES DE USO<\/strong><\/span><\/p><p>Accessing this website implies the acceptance of these terms of use without reservations, which govern access and use of the site to provide users with information about our products.<\/p><p>The use of the contents of this website for commercial purposes or for distribution, transformation, or communication is expressly prohibited.<br \/>CABALLO FILMS will not be liable for any consequences, damages, or losses that may arise from such use or use of the information.<\/p><p>Both access to this website and the use of the information contained herein are the sole responsibility of the person performing such actions.<\/p><p>The user agrees not to use the information published on this website for unlawful or harmful purposes, not to damage or impair the information, and not to carry out any actions contrary to the content of this Legal Notice.<\/p><p>CABALLO FILMS cannot guarantee the absence of interruptions or errors in access to this website, although it will make every effort to avoid them.<\/p><p><span style=\"text-decoration: underline;\"><strong>LINKS TO OTHER WEBSITES<\/strong><\/span><\/p><p>The links you may find on this website are a service to users. These pages are not operated or controlled by CABALLO FILMS, therefore, we are not responsible for the contents of these websites nor are they covered by this Legal Notice. If you access these websites, you should be aware that their privacy policies may differ from ours.<\/p><p><span style=\"text-decoration: underline;\"><strong>APPLICABLE LAW AND JURISDICTION<\/strong><\/span><\/p><p>This Legal Notice is governed by the current Spanish legislation that is applicable.<\/p><p>For the resolution of disputes that may arise as a result of the provisions set forth in this notice, and regarding its interpretation, application, and compliance, the user, by accepting the conditions set out in this Legal Notice, expressly waives any other jurisdiction that may apply.<\/p><p>In any case, within Spanish jurisdiction, if the legislation permits submission to a specific jurisdiction, the user expressly waives any jurisdiction that may apply and voluntarily submits to the jurisdiction of the Courts and Tribunals of MADRID.<\/p>\t\t\t\t\t\t\t\t<\/div>\n\t\t\t\t<\/div>\n\t\t\t\t<\/div>\n\t\t\t\t<\/div>","protected":false},"excerpt":{"rendered":"<p>AVISO LEGAL IDENTIFICACI\u00d3N En cumplimiento con el deber de informaci\u00f3n recogido en art\u00edculo 10 de la Ley 34\/2002, de 11 de julio, de Servicios de la Sociedad de la Informaci\u00f3n y del Comercio Electr\u00f3nico, CABALLO FILMS, S.L. (CABALLO FILMS), le informa que los datos aqu\u00ed consignados corresponden a la entidad titular del sitio web caballofilms.com. [&hellip;]<\/p>","protected":false},"author":1,"featured_media":0,"parent":0,"menu_order":0,"comment_status":"closed","ping_status":"closed","template":"","meta":{"footnotes":""},"class_list":["post-2422","page","type-page","status-publish","hentry"],"_links":{"self":[{"href":"https:\/\/caballofilms.com\/en\/wp-json\/wp\/v2\/pages\/2422","targetHints":{"allow":["GET"]}}],"collection":[{"href":"https:\/\/caballofilms.com\/en\/wp-json\/wp\/v2\/pages"}],"about":[{"href":"https:\/\/caballofilms.com\/en\/wp-json\/wp\/v2\/types\/page"}],"author":[{"embeddable":true,"href":"https:\/\/caballofilms.com\/en\/wp-json\/wp\/v2\/users\/1"}],"replies":[{"embeddable":true,"href":"https:\/\/caballofilms.com\/en\/wp-json\/wp\/v2\/comments?post=2422"}],"version-history":[{"count":31,"href":"https:\/\/caballofilms.com\/en\/wp-json\/wp\/v2\/pages\/2422\/revisions"}],"predecessor-version":[{"id":4939,"href":"https:\/\/caballofilms.com\/en\/wp-json\/wp\/v2\/pages\/2422\/revisions\/4939"}],"wp:attachment":[{"href":"https:\/\/caballofilms.com\/en\/wp-json\/wp\/v2\/media?parent=2422"}],"curies":[{"name":"wp","href":"https:\/\/api.w.org\/{rel}","templated":true}]}}