{"id":3678,"date":"2025-04-02T06:58:46","date_gmt":"2025-04-02T06:58:46","guid":{"rendered":"https:\/\/caballofilms.es\/?page_id=3678"},"modified":"2025-04-12T09:50:49","modified_gmt":"2025-04-12T09:50:49","slug":"compliance","status":"publish","type":"page","link":"https:\/\/caballofilms.com\/en\/compliance\/","title":{"rendered":"Compliance"},"content":{"rendered":"<div data-elementor-type=\"wp-page\" data-elementor-id=\"3678\" class=\"elementor elementor-3678\" data-elementor-post-type=\"page\">\n\t\t\t\t<div class=\"elementor-element elementor-element-453883f e-con-full e-flex e-con e-parent\" data-id=\"453883f\" data-element_type=\"container\">\n\t\t\t\t<div class=\"elementor-element elementor-element-b023137 elementor-widget elementor-widget-heading\" data-id=\"b023137\" data-element_type=\"widget\" data-widget_type=\"heading.default\">\n\t\t\t\t<div class=\"elementor-widget-container\">\n\t\t\t\t\t<h2 class=\"elementor-heading-title elementor-size-default\">COMPLIANCE<\/h2>\t\t\t\t<\/div>\n\t\t\t\t<\/div>\n\t\t\t\t<div class=\"elementor-element elementor-element-55b5613 elementor-widget-divider--view-line elementor-widget elementor-widget-divider\" data-id=\"55b5613\" data-element_type=\"widget\" data-widget_type=\"divider.default\">\n\t\t\t\t<div class=\"elementor-widget-container\">\n\t\t\t\t\t\t\t<div class=\"elementor-divider\">\n\t\t\t<span class=\"elementor-divider-separator\">\n\t\t\t\t\t\t<\/span>\n\t\t<\/div>\n\t\t\t\t\t\t<\/div>\n\t\t\t\t<\/div>\n\t\t\t\t<div class=\"elementor-element elementor-element-eba1b62 elementor-widget elementor-widget-text-editor\" data-id=\"eba1b62\" data-element_type=\"widget\" data-widget_type=\"text-editor.default\">\n\t\t\t\t<div class=\"elementor-widget-container\">\n\t\t\t\t\t\t\t\t\t<p>CABALLO FILMS is committed to upholding ethics, integrity, and regulatory compliance. In this regard, CABALLO FILMS outlines the key pillars of its internal policies:<\/p><p class=\"translation-block\"><span style=\"text-decoration: underline;color: #ffffff\"><a style=\"color: #ffffff;text-decoration: underline\" href=\"https:\/\/drive.google.com\/file\/d\/1Eshh27JQtJAfwu_bWzn2JcjryOAxMzLU\/view?usp=sharing\" target=\"_blank\" rel=\"noopener\"><b>Code of Conduct:<\/b>:<\/a><\/span>\u00a0this document sets out standards of ethical behavior through principles of action that CABALLO FILMS must apply in all areas of its activity. Its goal is to establish a culture of compliance among its members by promoting best practices, principles, and values. Therefore, any internal policy or procedure developed is interpreted in accordance with the spirit of this Code of Conduct.<\/p><p class=\"translation-block\"><span style=\"text-decoration: underline;color: #ffffff\"><a style=\"color: #ffffff;text-decoration: underline\" href=\"https:\/\/drive.google.com\/file\/d\/1ElLqfv_qRuF05pD5XzpMCbDtmCF3M-4R\/view?usp=sharing\" target=\"_blank\" rel=\"noopener\"><b>Workplace, Sexual, and\/or Gender-Based Harassment Protocol:<\/b><\/a><\/span> this protocol reflects CABALLO FILMS\u2019 clear commitment to combating any form of harassment or discrimination in the workplace. It promotes a respectful and safe working environment where everyone's integrity and dignity are upheld throughout their professional and personal development. The protocol also establishes a specific reporting procedure for such incidents, ensuring absolute confidentiality.<\/p><p>Whistleblowing Channel: CABALLO FILMS provides a whistleblowing channel where, either anonymously or with identification and in full confidentiality, employees and collaborators can report any irregular activity or behavior in the course of their work. This is in accordance with Law 2\/2023 of February 20.\nThe contact email is: rrhh@sillerasasesores.com<\/p>\t\t\t\t\t\t\t\t<\/div>\n\t\t\t\t<\/div>\n\t\t\t\t<\/div>\n\t\t\t\t<\/div>","protected":false},"excerpt":{"rendered":"<p>POL\u00cdTICA DE COMPLIANCE CABALLO FILMS apuesta por el respeto a la \u00e9tica, la integridad y el cumplimiento de las normas. En este sentido, CABALLO FILMS comparte aqu\u00ed los pilares de sus pol\u00edticas internas: C\u00f3digo de Conducta:\u00a0donde se establecen est\u00e1ndares de comportamiento \u00e9tico a trav\u00e9s de principios de actuaci\u00f3n que CABALLO FILMS debe aplicar en todos [&hellip;]<\/p>","protected":false},"author":1,"featured_media":0,"parent":0,"menu_order":0,"comment_status":"closed","ping_status":"closed","template":"","meta":{"footnotes":""},"class_list":["post-3678","page","type-page","status-publish","hentry"],"_links":{"self":[{"href":"https:\/\/caballofilms.com\/en\/wp-json\/wp\/v2\/pages\/3678","targetHints":{"allow":["GET"]}}],"collection":[{"href":"https:\/\/caballofilms.com\/en\/wp-json\/wp\/v2\/pages"}],"about":[{"href":"https:\/\/caballofilms.com\/en\/wp-json\/wp\/v2\/types\/page"}],"author":[{"embeddable":true,"href":"https:\/\/caballofilms.com\/en\/wp-json\/wp\/v2\/users\/1"}],"replies":[{"embeddable":true,"href":"https:\/\/caballofilms.com\/en\/wp-json\/wp\/v2\/comments?post=3678"}],"version-history":[{"count":37,"href":"https:\/\/caballofilms.com\/en\/wp-json\/wp\/v2\/pages\/3678\/revisions"}],"predecessor-version":[{"id":4298,"href":"https:\/\/caballofilms.com\/en\/wp-json\/wp\/v2\/pages\/3678\/revisions\/4298"}],"wp:attachment":[{"href":"https:\/\/caballofilms.com\/en\/wp-json\/wp\/v2\/media?parent=3678"}],"curies":[{"name":"wp","href":"https:\/\/api.w.org\/{rel}","templated":true}]}}