{"id":3807,"date":"2025-04-03T10:30:27","date_gmt":"2025-04-03T10:30:27","guid":{"rendered":"https:\/\/caballofilms.es\/?page_id=3807"},"modified":"2025-05-06T07:24:55","modified_gmt":"2025-05-06T07:24:55","slug":"politica-de-cookies","status":"publish","type":"page","link":"https:\/\/caballofilms.com\/en\/politica-de-cookies\/","title":{"rendered":"Cookies Policy"},"content":{"rendered":"<div data-elementor-type=\"wp-page\" data-elementor-id=\"3807\" class=\"elementor elementor-3807\" data-elementor-post-type=\"page\">\n\t\t\t\t<div class=\"elementor-element elementor-element-f07ac57 e-con-full e-flex e-con e-parent\" data-id=\"f07ac57\" data-element_type=\"container\">\n\t\t\t\t<div class=\"elementor-element elementor-element-9305c66 elementor-widget elementor-widget-heading\" data-id=\"9305c66\" data-element_type=\"widget\" data-widget_type=\"heading.default\">\n\t\t\t\t<div class=\"elementor-widget-container\">\n\t\t\t\t\t<h2 class=\"elementor-heading-title elementor-size-default\">Cookies Policy<\/h2>\t\t\t\t<\/div>\n\t\t\t\t<\/div>\n\t\t\t\t<div class=\"elementor-element elementor-element-9153a49 elementor-widget-divider--view-line elementor-widget elementor-widget-divider\" data-id=\"9153a49\" data-element_type=\"widget\" data-widget_type=\"divider.default\">\n\t\t\t\t<div class=\"elementor-widget-container\">\n\t\t\t\t\t\t\t<div class=\"elementor-divider\">\n\t\t\t<span class=\"elementor-divider-separator\">\n\t\t\t\t\t\t<\/span>\n\t\t<\/div>\n\t\t\t\t\t\t<\/div>\n\t\t\t\t<\/div>\n\t\t\t\t<div class=\"elementor-element elementor-element-c7bdba6 elementor-widget elementor-widget-text-editor\" data-id=\"c7bdba6\" data-element_type=\"widget\" data-widget_type=\"text-editor.default\">\n\t\t\t\t<div class=\"elementor-widget-container\">\n\t\t\t\t\t\t\t\t\t<p><span style=\"text-decoration: underline;\"><b>COOKIE INFORMATION<\/b><\/span><\/p><p>Due to the entry into force of the modification of the \"Law on Information Society Services\" (LSSICE) established by Royal Decree 13\/2012, it is mandatory to obtain the explicit consent of the user from all websites that use non-essential cookies before they browse them.<\/p><p><span style=\"text-decoration: underline;\"><b>WHAT ARE COOKIES?<\/b><\/span><\/p><p>Cookies and other similar technologies such as local shared objects, flash cookies, or pixels are tools used by web servers to store and retrieve information about their visitors, as well as to ensure the proper functioning of the site. By using these devices, the web server is able to remember certain information about the user, such as preferences for displaying pages from that server, username and password, products of interest, etc.<\/p><p><span style=\"text-decoration: underline;\"><b>COOKIES AFFECTED BY THE REGULATIONS AND EXEMPTED COOKIES<\/b><\/span><\/p><p>According to the EU directive, cookies that require informed consent from the user are analytics cookies and advertising and affiliate cookies, while technical cookies and those necessary for the functioning of the website or the provision of services explicitly requested by the user are exempt.<\/p><p><span style=\"text-decoration: underline;\"><b>TYPES OF COOKIES<\/b><\/span><\/p><p>BY PURPOSE<\/p><p><strong>Technical and Functional Cookies:<\/strong> These allow the user to browse through a website, platform, or application and use the different options or services available.\u00a0<\/p><p><strong>Analytical Cookies:<\/strong> These allow the data controller to track and analyze user behavior on the websites they are linked to. The information collected through these cookies is used to measure the activity of the websites, applications, or platforms, and to create user navigation profiles in order to make improvements based on the analysis of the data from users' use of the service.\u00a0<\/p><p><strong>Advertising Cookies:<\/strong> These allow for the most efficient management of advertising spaces that the publisher may have included on a website, application, or platform from which the requested service is provided, based on criteria such as edited content or the frequency with which ads are shown.\u00a0<\/p><p><strong>Behavioral Advertising Cookies:<\/strong> These collect information about the user's personal preferences and choices (retargeting) to enable the most efficient management of advertising spaces that the publisher may have included on a website, application, or platform from which the requested service is provided.\u00a0<\/p><p><strong>Social Cookies:<\/strong> These are set by social media platforms within their services to allow content sharing with friends and networks. Social media platforms have the ability to track your online activity outside of their services, which may affect the content and messages you see on other services you visit.\u00a0<\/p><p><strong>Affiliate Cookies:<\/strong> These allow tracking of visits from other websites with which the website has an affiliate agreement (affiliate companies).\u00a0<\/p><p><strong>Security Cookies:<\/strong> These store encrypted information to prevent the data saved in them from being vulnerable to malicious attacks by third parties.<\/p><p>BY OWNERSHIP<\/p><p><strong>Session Cookies:<\/strong> These are cookies designed to collect and store data while the user accesses a website.<\/p><p><strong>Persistent Cookies:<\/strong> These are cookies in which the data remains stored on the device and can be accessed and processed over a defined period, which can range from a few minutes to several years, depending on the cookie's controller.<\/p><p><span style=\"text-decoration: underline;\"><b>PROCESSING OF PERSONAL DATA<\/b><\/span><\/p><p>CABALLO FILMS, S.L. is the Data Controller of the personal data of the Data Subject and informs you that this data will be processed in accordance with the provisions of Regulation (EU) 2016\/679, of April 27, 2016 (GDPR). Therefore, the following information about the processing is provided:\u00a0<\/p><p>Purposes of Processing: As specified in the cookies section used on this website.\u00a0<\/p><p>Legal Basis for Processing: Consent of the Data Subject (Art. 6.1 GDPR).<\/p><p>Data Retention Criteria: As specified in the cookies section used on this website.\u00a0<\/p><p>Data Sharing: The data will not be shared with third parties, except for third-party cookies or due to legal obligations.\u00a0<\/p><p>Rights of the Data Subject:\u00a0<\/p><p>\u2013 Right to withdraw consent at any time.\u00a0<\/p><p>\u2013 Right of access, rectification, portability, and erasure of your data, as well as the right to restrict or object to its processing.\u00a0<\/p><p>\u2013 Right to file a complaint with the Supervisory Authority (www.aepd.es) if you believe the processing does not comply with current regulations.\u00a0<\/p><p>Contact Details to Exercise Your Rights: CABALLO FILMS, S.L. C\/ Colegiata 18, 4\u00ba D. 28012 MADRID. Email: <a href=\"mailto:info@caballofilms.com\"><span style=\"text-decoration: underline;\"><span style=\"color: #ffffff; text-decoration: underline;\">info@caballofilms.com<\/span><\/span><\/a><\/p><table><thead><tr><th colspan=\"3\"><p><b>Technical and Functional Cookies<\/b><\/p><\/th><th><p><b>\u00a0<\/b><\/p><\/th><\/tr><\/thead><tbody><tr><td><p><b>Property<\/b><\/p><\/td><td><p><b>Cookie<\/b><\/p><\/td><td><p><b>Purpose<\/b><\/p><\/td><td><p><b>Duration<\/b><\/p><\/td><\/tr><tr><td><p>caballofilms.com<\/p><\/td><td><p><b>cookie_notice_accepted<\/b><\/p><\/td><td><p>Necessary cookie for using the website's options and services<\/p><\/td><td><p>25 days<\/p><\/td><\/tr><tr><td><p>gstatic.com<\/p><\/td><td><p><b>CONSENT<\/b><\/p><\/td><td><p>Google cookie consent tracker<\/p><\/td><td><p>17 years<\/p><\/td><\/tr><tr><td><p>youtube.com<\/p><\/td><td><p><b>CONSENT<\/b><\/p><\/td><td><p>Google cookie consent tracker<\/p><\/td><td><p>17 years<\/p><\/td><\/tr><tr><td><p>youtube.com<\/p><\/td><td><p><b>PREF<\/b><\/p><\/td><td><p>This cookie stores your preferences and other information, in particular your preferred language, how many search results you want to be displayed on your page and whether or not you want to activate Google's SafeSearch filter.<\/p><\/td><td><p>8 months<\/p><\/td><\/tr><\/tbody><\/table><table><thead><tr><th colspan=\"3\"><p><b>Advertising Cookies<\/b><\/p><\/th><th><p><b>Activate\/deactivate All<\/b><\/p><\/th><\/tr><\/thead><tbody><tr><td><p><b>Property<\/b><\/p><\/td><td><p><b>Cookie<\/b><\/p><\/td><td><p><b>Purpose<\/b><\/p><\/td><td><p><b>Duration<\/b><\/p><\/td><\/tr><tr><td><p>youtube.com<\/p><\/td><td><p><b>APISID<\/b><\/p><\/td><td><p>Download certain Google tools and store certain preferences, such as the number of search results per page or the activation of the SafeSearch filter. Adjusts the ads shown in Google search.<\/p><\/td><td><p>3 months<\/p><\/td><\/tr><tr><td><p>youtube.com<\/p><\/td><td><p><b>HSID<\/b><\/p><\/td><td><p>Download certain Google tools and store certain preferences, such as the number of search results per page or the activation of the SafeSearch filter. Adjusts the ads shown in Google search.<\/p><\/td><td><p>3 months<\/p><\/td><\/tr><tr><td><p>youtube.com<\/p><\/td><td><p><b>SID<\/b><\/p><\/td><td><p>Download certain Google tools and store certain preferences, such as the number of search results per page or the activation of the SafeSearch filter. Adjusts the ads shown in Google search.<\/p><\/td><td><p>3 months<\/p><\/td><\/tr><\/tbody><\/table><p><span style=\"text-decoration: underline;\"><b>THIRD PARTY COOKIES<\/b><\/span><\/p><p>Third-party services are beyond the control of the publisher. Providers may modify their terms of service, purpose, and use of cookies at any time.<\/p><table><thead><tr><th colspan=\"3\"><p><b>Technical and Functional Cookies<\/b><\/p><\/th><th><p><b>\u00a0<\/b><\/p><\/th><\/tr><\/thead><tbody><tr><td><p><b>Property<\/b><\/p><\/td><td><p><b>Cookie<\/b><\/p><\/td><td><p><b>Purpose<\/b><\/p><\/td><td><p><b>Duration<\/b><\/p><\/td><\/tr><tr><td><p>caballofilms.com<\/p><\/td><td><p><b>cookie_notice_accepted<\/b><\/p><\/td><td><p>Necessary cookie for using the website's options and services<\/p><\/td><td><p>25 days<\/p><\/td><\/tr><tr><td><p>gstatic.com<\/p><\/td><td><p><b>CONSENT<\/b><\/p><\/td><td><p>Google cookie consent tracker<\/p><\/td><td><p>17 years<\/p><\/td><\/tr><tr><td><p>youtube.com<\/p><\/td><td><p><b>CONSENT<\/b><\/p><\/td><td><p>Google cookie consent tracker<\/p><\/td><td><p>17 years<\/p><\/td><\/tr><tr><td><p>youtube.com<\/p><\/td><td><p><b>PREF<\/b><\/p><\/td><td><p>This cookie stores your preferences and other information, in particular your preferred language, how many search results you want to be displayed on your page and whether or not you want to activate Google's SafeSearch filter.<\/p><\/td><td><p>8 months<\/p><\/td><\/tr><\/tbody><\/table><table><thead><tr><th colspan=\"3\"><p><b>Advertising Cookies<\/b><\/p><\/th><th><p><b>Activate\/deactivate All<\/b><\/p><\/th><\/tr><\/thead><tbody><tr><td><p>Property<\/p><\/td><td><p>Cookie<\/p><\/td><td><p>Purpose<\/p><\/td><td><p>Duration<\/p><\/td><\/tr><tr><td><p>youtube.com<\/p><\/td><td><p><b>APISID<\/b><\/p><\/td><td><p>Download certain Google tools and store certain preferences, such as the number of search results per page or the activation of the SafeSearch filter. Adjusts the ads shown in Google search.<\/p><\/td><td><p>3 months<\/p><\/td><\/tr><tr><td><p>youtube.com<\/p><\/td><td><p><b>HSID<\/b><\/p><\/td><td><p>Download certain Google tools and store certain preferences, such as the number of search results per page or the activation of the SafeSearch filter. Adjusts the ads shown in Google search.<\/p><\/td><td><p>3 months<\/p><\/td><\/tr><tr><td><p>youtube.com<\/p><\/td><td><p><b>SID<\/b><\/p><\/td><td><p>Download certain Google tools and store certain preferences, such as the number of search results per page or the activation of the SafeSearch filter. Adjusts the ads shown in Google search.<\/p><\/td><td><p>3 months<\/p><\/td><\/tr><\/tbody><\/table><table><thead><tr><th colspan=\"2\"><p><b>Technical and Functional Cookies<\/b><\/p><\/th><\/tr><\/thead><tbody><tr><td><p>Property<\/p><\/td><td><p>Cookie<\/p><\/td><\/tr><tr><td><p>Google<\/p><\/td><td><p><span style=\"text-decoration: underline; color: #ffffff;\"><a style=\"color: #ffffff;\" href=\"https:\/\/privacy.google.com\/take-control.html\" target=\"_blank\" rel=\"noopener\">https:\/\/privacy.google.com\/take-control.html<\/a><\/span><\/p><\/td><\/tr><tr><td><p>YouTube<\/p><\/td><td><p><span style=\"text-decoration: underline;\"><span style=\"color: #ffffff;\"><a style=\"color: #ffffff;\" href=\"https:\/\/privacy.google.com\/take-control.html\" target=\"_blank\" rel=\"noopener\">https:\/\/privacy.google.com\/take-control.html<\/a><\/span><\/span><\/p><\/td><\/tr><\/tbody><\/table><table><thead><tr><th colspan=\"2\"><p><b>HOW TO MANAGE COOKIES FROM YOUR BROWSER<\/b><\/p><\/th><\/tr><\/thead><tbody><tr><td><p>Delete cookies from your device<\/p><\/td><td><p>Cookies that are already on a device can be deleted by clearing the browser history, which deletes cookies from all websites visited. However, some of the saved information (e.g. login data or website preferences) may also be lost. Manage site-specific cookies: To have more precise control over site-specific cookies, users can adjust their privacy and cookie settings in their browser.<\/p><\/td><\/tr><tr><td><p>Blocking cookies<\/p><\/td><td><p>Although most modern browsers can be set to prevent cookies from being installed on your device, this may require you to manually adjust certain preferences each time you visit a site or page. In addition, some services and features may not work properly (e.g. profile logins).<\/p><\/td><\/tr><\/tbody><\/table><table><thead><tr><th colspan=\"2\"><p><b>HOW TO DELETE COOKIES FROM THE MOST COMMON BROWSERS<\/b><\/p><\/th><\/tr><\/thead><tbody><tr><td><p>Chrome<\/p><\/td><td><p><span style=\"text-decoration: underline;\"><span style=\"color: #ffffff;\"><a style=\"color: #ffffff;\" href=\"http:\/\/support.google.com\/chrome\/answer\/95647?hl=es\" target=\"_blank\" rel=\"noopener\">http:\/\/support.google.com\/chrome\/answer\/95647?hl=es<\/a><\/span><\/span><\/p><\/td><\/tr><tr><td><p>Internet Explorer. Versi\u00f3n 11<\/p><\/td><td><p><span style=\"text-decoration: underline; color: #ffffff;\"><a style=\"color: #ffffff;\" href=\"https:\/\/support.microsoft.com\/es-es\/help\/278835\/how-to-delete-cookie-files-in-internet-explorer\" target=\"_blank\" rel=\"noopener\">https:\/\/support.microsoft.com\/es-es\/help\/278835\/how-to-delete-cookie-files-in-internet-explorer<\/a><\/span><\/p><\/td><\/tr><tr><td><p>Firefox. Versi\u00f3n 65.0.1<\/p><\/td><td><p><span style=\"text-decoration: underline; color: #ffffff;\"><a style=\"color: #ffffff;\" href=\"https:\/\/www.mozilla.org\/es-ES\/privacy\/websites\/#cookies\" target=\"_blank\" rel=\"noopener\">https:\/\/www.mozilla.org\/es-ES\/privacy\/websites\/#cookies<\/a><\/span><\/p><\/td><\/tr><tr><td><p>Safari Versi\u00f3n 5.1<\/p><\/td><td><p><span style=\"text-decoration: underline;\"><span style=\"color: #ffffff;\"><a style=\"color: #ffffff;\" href=\"https:\/\/support.apple.com\/es-es\/guide\/safari\/sfri11471\/mac\" target=\"_blank\" rel=\"noopener\">https:\/\/support.apple.com\/es-es\/guide\/safari\/sfri11471\/mac<\/a><\/span><\/span><\/p><\/td><\/tr><tr><td><p>Opera<\/p><\/td><td><p><span style=\"text-decoration: underline;\"><span style=\"color: #ffffff;\"><a style=\"color: #ffffff;\" href=\"https:\/\/help.opera.com\/en\/latest\/security-and-privacy\/#clearBrowsingData\" target=\"_blank\" rel=\"noopener\">https:\/\/help.opera.com\/en\/latest\/security-and-privacy\/#clearBrowsingData<\/a><\/span><\/span><\/p><\/td><\/tr><\/tbody><\/table>\t\t\t\t\t\t\t\t<\/div>\n\t\t\t\t<\/div>\n\t\t\t\t<\/div>\n\t\t\t\t<\/div>","protected":false},"excerpt":{"rendered":"<p>Pol\u00edtica de Cookies INFORMACI\u00d3N SOBRE COOKIES Debido a la entrada en vigor de la referente modificaci\u00f3n de la \u00abLey de Servicios de la Sociedad de la Informaci\u00f3n\u00bb (LSSICE) establecida por el Real Decreto 13\/2012, es de obligaci\u00f3n obtener el consentimiento expreso del usuario de todas las p\u00e1ginas web que usan cookies prescindibles, antes de que [&hellip;]<\/p>","protected":false},"author":1,"featured_media":0,"parent":0,"menu_order":0,"comment_status":"closed","ping_status":"closed","template":"","meta":{"footnotes":""},"class_list":["post-3807","page","type-page","status-publish","hentry"],"_links":{"self":[{"href":"https:\/\/caballofilms.com\/en\/wp-json\/wp\/v2\/pages\/3807","targetHints":{"allow":["GET"]}}],"collection":[{"href":"https:\/\/caballofilms.com\/en\/wp-json\/wp\/v2\/pages"}],"about":[{"href":"https:\/\/caballofilms.com\/en\/wp-json\/wp\/v2\/types\/page"}],"author":[{"embeddable":true,"href":"https:\/\/caballofilms.com\/en\/wp-json\/wp\/v2\/users\/1"}],"replies":[{"embeddable":true,"href":"https:\/\/caballofilms.com\/en\/wp-json\/wp\/v2\/comments?post=3807"}],"version-history":[{"count":31,"href":"https:\/\/caballofilms.com\/en\/wp-json\/wp\/v2\/pages\/3807\/revisions"}],"predecessor-version":[{"id":4953,"href":"https:\/\/caballofilms.com\/en\/wp-json\/wp\/v2\/pages\/3807\/revisions\/4953"}],"wp:attachment":[{"href":"https:\/\/caballofilms.com\/en\/wp-json\/wp\/v2\/media?parent=3807"}],"curies":[{"name":"wp","href":"https:\/\/api.w.org\/{rel}","templated":true}]}}