{"id":4299,"date":"2025-04-11T12:06:23","date_gmt":"2025-04-11T12:06:23","guid":{"rendered":"https:\/\/caballofilms.es\/?page_id=4299"},"modified":"2026-02-27T11:12:52","modified_gmt":"2026-02-27T11:12:52","slug":"el-ser-querido","status":"publish","type":"page","link":"https:\/\/caballofilms.com\/en\/producciones\/el-ser-querido\/","title":{"rendered":"Proximamente &#8211; El Ser Querido"},"content":{"rendered":"<div data-elementor-type=\"wp-page\" data-elementor-id=\"4299\" class=\"elementor elementor-4299\" data-elementor-post-type=\"page\">\n\t\t\t\t<div class=\"elementor-element elementor-element-32f6598 e-con-full e-flex elementor-invisible e-con e-parent\" data-id=\"32f6598\" data-element_type=\"container\" data-settings=\"{&quot;background_background&quot;:&quot;classic&quot;,&quot;animation&quot;:&quot;fadeIn&quot;}\">\n\t\t<div class=\"elementor-element elementor-element-ef8adf4 e-flex e-con-boxed e-con e-child\" data-id=\"ef8adf4\" data-element_type=\"container\" data-settings=\"{&quot;background_background&quot;:&quot;gradient&quot;}\">\n\t\t\t\t\t<div class=\"e-con-inner\">\n\t\t\t\t<div class=\"elementor-element elementor-element-e47623f elementor-widget elementor-widget-heading\" data-id=\"e47623f\" data-element_type=\"widget\" data-widget_type=\"heading.default\">\n\t\t\t\t<div class=\"elementor-widget-container\">\n\t\t\t\t\t<h2 class=\"elementor-heading-title elementor-size-default\">THE BELOVED<\/h2>\t\t\t\t<\/div>\n\t\t\t\t<\/div>\n\t\t\t\t<div class=\"elementor-element elementor-element-0fba5bc elementor-widget elementor-widget-heading\" data-id=\"0fba5bc\" data-element_type=\"widget\" data-widget_type=\"heading.default\">\n\t\t\t\t<div class=\"elementor-widget-container\">\n\t\t\t\t\t<h2 class=\"elementor-heading-title elementor-size-default\">Feature Film | 2025 | In Postproduction<\/h2>\t\t\t\t<\/div>\n\t\t\t\t<\/div>\n\t\t\t\t\t<\/div>\n\t\t\t\t<\/div>\n\t\t\t\t<\/div>\n\t\t<div class=\"elementor-element elementor-element-fe2e3e0 e-flex e-con-boxed elementor-invisible e-con e-parent\" data-id=\"fe2e3e0\" data-element_type=\"container\" data-settings=\"{&quot;animation&quot;:&quot;slideInUp&quot;}\">\n\t\t\t\t\t<div class=\"e-con-inner\">\n\t\t\t\t<div class=\"elementor-element elementor-element-01f3db1 elementor-widget elementor-widget-text-editor\" data-id=\"01f3db1\" data-element_type=\"widget\" data-settings=\"{&quot;_animation&quot;:&quot;none&quot;}\" data-widget_type=\"text-editor.default\">\n\t\t\t\t<div class=\"elementor-widget-container\">\n\t\t\t\t\t\t\t\t\t<p>Directed by Rodrigo Sorogoyen. Written by Isabel Pe\u00f1a and Rodrigo Sorogoyen.<\/p>\t\t\t\t\t\t\t\t<\/div>\n\t\t\t\t<\/div>\n\t\t\t\t<div class=\"elementor-element elementor-element-005db19 elementor-widget elementor-widget-text-editor\" data-id=\"005db19\" data-element_type=\"widget\" data-settings=\"{&quot;_animation&quot;:&quot;none&quot;}\" data-widget_type=\"text-editor.default\">\n\t\t\t\t<div class=\"elementor-widget-container\">\n\t\t\t\t\t\t\t\t\t<p>After years of estrangement, an acclaimed director and his daughter, a struggling actress, make a movie together and are forced to confront a troubled past neither of them has wanted to face.<\/p>\t\t\t\t\t\t\t\t<\/div>\n\t\t\t\t<\/div>\n\t\t\t\t\t<\/div>\n\t\t\t\t<\/div>\n\t\t<div class=\"elementor-element elementor-element-b8ed034 e-flex e-con-boxed elementor-invisible e-con e-parent\" data-id=\"b8ed034\" data-element_type=\"container\" data-settings=\"{&quot;animation&quot;:&quot;slideInUp&quot;}\">\n\t\t\t\t\t<div class=\"e-con-inner\">\n\t\t\t\t<div class=\"elementor-element elementor-element-9c288bd elementor-widget elementor-widget-heading\" data-id=\"9c288bd\" data-element_type=\"widget\" data-widget_type=\"heading.default\">\n\t\t\t\t<div class=\"elementor-widget-container\">\n\t\t\t\t\t<h2 class=\"elementor-heading-title elementor-size-default\">PRODUCTION, FINANCING AND DISTRIBUTION<\/h2>\t\t\t\t<\/div>\n\t\t\t\t<\/div>\n\t\t\t\t<div class=\"elementor-element elementor-element-6d55177 elementor-widget-divider--view-line elementor-widget elementor-widget-divider\" data-id=\"6d55177\" data-element_type=\"widget\" data-widget_type=\"divider.default\">\n\t\t\t\t<div class=\"elementor-widget-container\">\n\t\t\t\t\t\t\t<div class=\"elementor-divider\">\n\t\t\t<span class=\"elementor-divider-separator\">\n\t\t\t\t\t\t<\/span>\n\t\t<\/div>\n\t\t\t\t\t\t<\/div>\n\t\t\t\t<\/div>\n\t\t\t\t<div class=\"elementor-element elementor-element-3c9ada3 elementor-widget elementor-widget-text-editor\" data-id=\"3c9ada3\" data-element_type=\"widget\" data-widget_type=\"text-editor.default\">\n\t\t\t\t<div class=\"elementor-widget-container\">\n\t\t\t\t\t\t\t\t\t<p class=\"translation-block\">\u2018The Beloved\u2019 is an original Movistar Plus + film in coproduction with <strong>Caballo Films<\/strong> and <strong>El Ser Querido AIE,<\/strong> with the coproduction of <strong>Le Pacte<\/strong> and in association with <strong>Canal+<\/strong> in France.<\/p><p>Distributed in Spain by <strong>A Contracorriente Films<\/strong>. International sales by <strong>Goodfellas<\/strong>.<\/p><p>Financed by <strong>ICAA<\/strong> and <a href=\"https:\/\/caballofilms.com\/en\/producciones\/el-ser-querido\/europe-creative-media\/\"><strong>Europe Creative Media, <\/strong><\/a>with the support of<strong> ICEC <\/strong>and<strong> Comunidad de Madrid.<\/strong><\/p>\t\t\t\t\t\t\t\t<\/div>\n\t\t\t\t<\/div>\n\t\t<div class=\"elementor-element elementor-element-c1de2f6 e-con-full e-flex e-con e-child\" data-id=\"c1de2f6\" data-element_type=\"container\">\n\t\t\t\t<div class=\"elementor-element elementor-element-6450216 elementor-widget__width-initial elementor-widget elementor-widget-image\" data-id=\"6450216\" data-element_type=\"widget\" data-widget_type=\"image.default\">\n\t\t\t\t<div class=\"elementor-widget-container\">\n\t\t\t\t\t\t\t\t\t\t\t\t\t\t\t<img fetchpriority=\"high\" decoding=\"async\" width=\"800\" height=\"197\" src=\"https:\/\/caballofilms.com\/wp-content\/uploads\/2026\/01\/logo-icaa-lineas-blanco-rgb.svg\" class=\"attachment-large size-large wp-image-5352\" alt=\"\" \/>\t\t\t\t\t\t\t\t\t\t\t\t\t\t\t<\/div>\n\t\t\t\t<\/div>\n\t\t\t\t<div class=\"elementor-element elementor-element-3eaf161 elementor-widget__width-initial elementor-widget elementor-widget-image\" data-id=\"3eaf161\" data-element_type=\"widget\" data-widget_type=\"image.default\">\n\t\t\t\t<div class=\"elementor-widget-container\">\n\t\t\t\t\t\t\t\t\t\t\t\t\t\t\t<img decoding=\"async\" width=\"800\" height=\"280\" src=\"https:\/\/caballofilms.com\/wp-content\/uploads\/2026\/01\/EU-flag-Crea-EU-MEDIA_neg-ES-1024x358.png\" class=\"attachment-large size-large wp-image-5354\" alt=\"\" srcset=\"https:\/\/caballofilms.com\/wp-content\/uploads\/2026\/01\/EU-flag-Crea-EU-MEDIA_neg-ES-1024x358.png 1024w, https:\/\/caballofilms.com\/wp-content\/uploads\/2026\/01\/EU-flag-Crea-EU-MEDIA_neg-ES-300x105.png 300w, https:\/\/caballofilms.com\/wp-content\/uploads\/2026\/01\/EU-flag-Crea-EU-MEDIA_neg-ES-768x268.png 768w, https:\/\/caballofilms.com\/wp-content\/uploads\/2026\/01\/EU-flag-Crea-EU-MEDIA_neg-ES-1536x537.png 1536w, https:\/\/caballofilms.com\/wp-content\/uploads\/2026\/01\/EU-flag-Crea-EU-MEDIA_neg-ES-2048x716.png 2048w, https:\/\/caballofilms.com\/wp-content\/uploads\/2026\/01\/EU-flag-Crea-EU-MEDIA_neg-ES-18x6.png 18w\" sizes=\"(max-width: 800px) 100vw, 800px\" \/>\t\t\t\t\t\t\t\t\t\t\t\t\t\t\t<\/div>\n\t\t\t\t<\/div>\n\t\t\t\t<div class=\"elementor-element elementor-element-396fe35 elementor-widget__width-initial elementor-widget elementor-widget-image\" data-id=\"396fe35\" data-element_type=\"widget\" data-widget_type=\"image.default\">\n\t\t\t\t<div class=\"elementor-widget-container\">\n\t\t\t\t\t\t\t\t\t\t\t\t\t\t\t<img decoding=\"async\" width=\"614\" height=\"66\" src=\"https:\/\/caballofilms.com\/wp-content\/uploads\/2026\/01\/icec_gencat_color_fonsnegre.svg\" class=\"attachment-large size-large wp-image-5357\" alt=\"\" \/>\t\t\t\t\t\t\t\t\t\t\t\t\t\t\t<\/div>\n\t\t\t\t<\/div>\n\t\t\t\t<div class=\"elementor-element elementor-element-b506168 elementor-widget__width-initial elementor-widget elementor-widget-image\" data-id=\"b506168\" data-element_type=\"widget\" data-widget_type=\"image.default\">\n\t\t\t\t<div class=\"elementor-widget-container\">\n\t\t\t\t\t\t\t\t\t\t\t\t\t\t\t<img loading=\"lazy\" decoding=\"async\" width=\"500\" height=\"500\" src=\"https:\/\/caballofilms.com\/wp-content\/uploads\/2026\/01\/comunidad-madrid-logo-siroco-web-500-2019.png\" class=\"attachment-large size-large wp-image-5367\" alt=\"\" srcset=\"https:\/\/caballofilms.com\/wp-content\/uploads\/2026\/01\/comunidad-madrid-logo-siroco-web-500-2019.png 500w, https:\/\/caballofilms.com\/wp-content\/uploads\/2026\/01\/comunidad-madrid-logo-siroco-web-500-2019-300x300.png 300w, https:\/\/caballofilms.com\/wp-content\/uploads\/2026\/01\/comunidad-madrid-logo-siroco-web-500-2019-150x150.png 150w, https:\/\/caballofilms.com\/wp-content\/uploads\/2026\/01\/comunidad-madrid-logo-siroco-web-500-2019-12x12.png 12w\" sizes=\"(max-width: 500px) 100vw, 500px\" \/>\t\t\t\t\t\t\t\t\t\t\t\t\t\t\t<\/div>\n\t\t\t\t<\/div>\n\t\t\t\t<\/div>\n\t\t\t\t\t<\/div>\n\t\t\t\t<\/div>\n\t\t<div class=\"elementor-element elementor-element-4b8ee6f e-flex e-con-boxed e-con e-parent\" data-id=\"4b8ee6f\" data-element_type=\"container\">\n\t\t\t\t\t<div class=\"e-con-inner\">\n\t\t<div class=\"elementor-element elementor-element-ae4e1f9 e-con-full e-flex e-con e-child\" data-id=\"ae4e1f9\" data-element_type=\"container\">\n\t\t\t\t<div class=\"elementor-element elementor-element-2f11580 elementor-invisible elementor-widget elementor-widget-heading\" data-id=\"2f11580\" data-element_type=\"widget\" data-settings=\"{&quot;_animation&quot;:&quot;slideInUp&quot;}\" data-widget_type=\"heading.default\">\n\t\t\t\t<div class=\"elementor-widget-container\">\n\t\t\t\t\t<h2 class=\"elementor-heading-title elementor-size-default\">OTHER PRODUCTIONS<\/h2>\t\t\t\t<\/div>\n\t\t\t\t<\/div>\n\t\t\t\t<div class=\"elementor-element elementor-element-d659e8c animated-fast elementor-widget-divider--view-line elementor-invisible elementor-widget elementor-widget-divider\" data-id=\"d659e8c\" data-element_type=\"widget\" data-settings=\"{&quot;_animation&quot;:&quot;slideInUp&quot;}\" data-widget_type=\"divider.default\">\n\t\t\t\t<div class=\"elementor-widget-container\">\n\t\t\t\t\t\t\t<div class=\"elementor-divider\">\n\t\t\t<span class=\"elementor-divider-separator\">\n\t\t\t\t\t\t<\/span>\n\t\t<\/div>\n\t\t\t\t\t\t<\/div>\n\t\t\t\t<\/div>\n\t\t\t\t<div class=\"elementor-element elementor-element-3634aef elementor-invisible elementor-widget elementor-widget-premium-img-gallery\" data-id=\"3634aef\" data-element_type=\"widget\" data-settings=\"{&quot;premium_gallery_img_content&quot;:[{&quot;premium_gallery_img_name&quot;:&quot;AS BESTAS&quot;,&quot;premium_gallery_img_category&quot;:&quot;Largometrajes&quot;,&quot;_id&quot;:&quot;737406f&quot;,&quot;premium_gallery_img&quot;:{&quot;url&quot;:&quot;https:\\\/\\\/caballofilms.es\\\/wp-content\\\/uploads\\\/2025\\\/04\\\/asbestas-caballo-03.jpg&quot;,&quot;id&quot;:4340,&quot;size&quot;:&quot;&quot;,&quot;alt&quot;:&quot;As Bestas de Rodrigo Sorogoyen. Prod. Caballo Films&quot;,&quot;source&quot;:&quot;library&quot;},&quot;premium_gallery_img_desc&quot;:&quot;Largometraje | 2022 | 137 min&quot;,&quot;premium_gallery_img_link&quot;:{&quot;url&quot;:&quot;\\\/producciones\\\/as-bestas&quot;,&quot;is_external&quot;:&quot;&quot;,&quot;nofollow&quot;:&quot;&quot;,&quot;custom_attributes&quot;:&quot;&quot;},&quot;premium_gallery_link_whole&quot;:&quot;yes&quot;,&quot;premium_gallery_lightbox_whole&quot;:&quot;yes&quot;,&quot;premium_gallery_image_cell&quot;:{&quot;unit&quot;:&quot;px&quot;,&quot;size&quot;:4,&quot;sizes&quot;:[]},&quot;premium_gallery_image_cell_tablet&quot;:{&quot;unit&quot;:&quot;px&quot;,&quot;size&quot;:&quot;&quot;,&quot;sizes&quot;:[]},&quot;premium_gallery_image_cell_mobile&quot;:{&quot;unit&quot;:&quot;px&quot;,&quot;size&quot;:&quot;&quot;,&quot;sizes&quot;:[]},&quot;premium_gallery_image_vcell&quot;:{&quot;unit&quot;:&quot;px&quot;,&quot;size&quot;:4,&quot;sizes&quot;:[]},&quot;premium_gallery_image_vcell_tablet&quot;:{&quot;unit&quot;:&quot;px&quot;,&quot;size&quot;:&quot;&quot;,&quot;sizes&quot;:[]},&quot;premium_gallery_image_vcell_mobile&quot;:{&quot;unit&quot;:&quot;px&quot;,&quot;size&quot;:&quot;&quot;,&quot;sizes&quot;:[]},&quot;premium_gallery_video&quot;:&quot;&quot;,&quot;premium_gallery_video_type&quot;:null,&quot;premium_gallery_video_url&quot;:null,&quot;premium_gallery_video_self&quot;:null,&quot;premium_gallery_video_self_url&quot;:null,&quot;premium_gallery_video_controls&quot;:null,&quot;premium_gallery_video_mute&quot;:null,&quot;premium_gallery_video_loop&quot;:null,&quot;download_button&quot;:null,&quot;privacy_mode&quot;:null,&quot;premmium_gallery_img_info&quot;:&quot;&quot;,&quot;premium_gallery_img_link_type&quot;:&quot;url&quot;,&quot;premium_gallery_img_existing&quot;:null},{&quot;premium_gallery_img_name&quot;:&quot;MADRE&quot;,&quot;premium_gallery_img_category&quot;:&quot;Largometrajes&quot;,&quot;premium_gallery_img&quot;:{&quot;url&quot;:&quot;https:\\\/\\\/caballofilms.es\\\/wp-content\\\/uploads\\\/2025\\\/04\\\/madre-caballo-03-1.jpg&quot;,&quot;id&quot;:4338,&quot;size&quot;:&quot;&quot;,&quot;alt&quot;:&quot;Madre de Rodrigo Sorogoyen. Prod. Caballo Films&quot;,&quot;source&quot;:&quot;library&quot;},&quot;premium_gallery_img_desc&quot;:&quot;Largometraje | 2019 |124 min&quot;,&quot;premium_gallery_img_link&quot;:{&quot;url&quot;:&quot;\\\/producciones\\\/madre-largo&quot;,&quot;is_external&quot;:&quot;&quot;,&quot;nofollow&quot;:&quot;&quot;,&quot;custom_attributes&quot;:&quot;&quot;},&quot;premium_gallery_link_whole&quot;:&quot;yes&quot;,&quot;premium_gallery_lightbox_whole&quot;:&quot;yes&quot;,&quot;_id&quot;:&quot;0f3e471&quot;,&quot;premium_gallery_image_cell&quot;:{&quot;unit&quot;:&quot;px&quot;,&quot;size&quot;:4,&quot;sizes&quot;:[]},&quot;premium_gallery_image_cell_tablet&quot;:{&quot;unit&quot;:&quot;px&quot;,&quot;size&quot;:&quot;&quot;,&quot;sizes&quot;:[]},&quot;premium_gallery_image_cell_mobile&quot;:{&quot;unit&quot;:&quot;px&quot;,&quot;size&quot;:&quot;&quot;,&quot;sizes&quot;:[]},&quot;premium_gallery_image_vcell&quot;:{&quot;unit&quot;:&quot;px&quot;,&quot;size&quot;:4,&quot;sizes&quot;:[]},&quot;premium_gallery_image_vcell_tablet&quot;:{&quot;unit&quot;:&quot;px&quot;,&quot;size&quot;:&quot;&quot;,&quot;sizes&quot;:[]},&quot;premium_gallery_image_vcell_mobile&quot;:{&quot;unit&quot;:&quot;px&quot;,&quot;size&quot;:&quot;&quot;,&quot;sizes&quot;:[]},&quot;premium_gallery_video&quot;:&quot;&quot;,&quot;premium_gallery_video_type&quot;:null,&quot;premium_gallery_video_url&quot;:null,&quot;premium_gallery_video_self&quot;:null,&quot;premium_gallery_video_self_url&quot;:null,&quot;premium_gallery_video_controls&quot;:null,&quot;premium_gallery_video_mute&quot;:null,&quot;premium_gallery_video_loop&quot;:null,&quot;download_button&quot;:null,&quot;privacy_mode&quot;:null,&quot;premmium_gallery_img_info&quot;:&quot;&quot;,&quot;premium_gallery_img_link_type&quot;:&quot;url&quot;,&quot;premium_gallery_img_existing&quot;:null}],&quot;_animation&quot;:&quot;fadeIn&quot;}\" data-widget_type=\"premium-img-gallery.default\">\n\t\t\t\t<div class=\"elementor-widget-container\">\n\t\t\t\t\t\n\t<div id=\"premium-img-gallery-3634aef\" class=\"elementor-invisible premium-img-gallery premium-img-gallery-masonry none premium-gallery-icon-show\">\n\t\t\n\t\t<div class=\"premium-gallery-container\" data-settings=\"{&quot;img_size&quot;:&quot;masonry&quot;,&quot;filter&quot;:&quot;&quot;,&quot;theme&quot;:&quot;pp_default&quot;,&quot;active_cat&quot;:&quot;*&quot;,&quot;ltr_mode&quot;:true,&quot;shuffle&quot;:false,&quot;sort_by&quot;:&quot;original-order&quot;,&quot;skin&quot;:&quot;default&quot;,&quot;light_box&quot;:&quot;yes&quot;,&quot;lightbox_type&quot;:&quot;default&quot;,&quot;overlay&quot;:false}\">\n\n\t\t\t\t\t\t\t<div class=\"premium-gallery-item elementor-repeater-item-737406f largometrajes\">\n\t\t\t\t<div class=\"pa-gallery-img default\" onclick=\"\">\n\t\t\t\t\t<div class=\"pa-gallery-img-container\">\n\t\t\t\t\t\t\t\t<img loading=\"lazy\" decoding=\"async\" width=\"1919\" height=\"1080\" src=\"https:\/\/caballofilms.com\/wp-content\/uploads\/2025\/04\/asbestas-caballo-03.jpg\" class=\"attachment-full size-full wp-image-4340\" alt=\"As Bestas de Rodrigo Sorogoyen. Prod. Caballo Films\" srcset=\"https:\/\/caballofilms.com\/wp-content\/uploads\/2025\/04\/asbestas-caballo-03.jpg 1919w, https:\/\/caballofilms.com\/wp-content\/uploads\/2025\/04\/asbestas-caballo-03-300x169.jpg 300w, https:\/\/caballofilms.com\/wp-content\/uploads\/2025\/04\/asbestas-caballo-03-1024x576.jpg 1024w, https:\/\/caballofilms.com\/wp-content\/uploads\/2025\/04\/asbestas-caballo-03-768x432.jpg 768w, https:\/\/caballofilms.com\/wp-content\/uploads\/2025\/04\/asbestas-caballo-03-1536x864.jpg 1536w, https:\/\/caballofilms.com\/wp-content\/uploads\/2025\/04\/asbestas-caballo-03-18x10.jpg 18w\" sizes=\"(max-width: 1919px) 100vw, 1919px\" \/>\t\t\t\t\t\t\t<\/div>\n\t\t\t\t\t\t\t\t\t\t\t\t<div class=\"pa-gallery-icons-wrapper\">\n\t\t\t\t\t\t\t\t<div class=\"pa-gallery-icons-inner-container\">\n\t\t\t\t\t\t\t\t\t\t\t\t\t\t\t\t\t<\/div>\n\t\t\t\t\t\t\t<\/div>\n\t\t\t\t\t\t\t\t\t\t<div class=\"premium-gallery-caption\">\n\n\t\t\t\t\t\t\t\t\t<span class=\"premium-gallery-img-name\">THE BEASTS<\/span>\n\t\t\t\t\t\t\t\t\t\t<p class=\"premium-gallery-img-desc\">Feature Film | 2022 | 137 min<\/p>\n\t\t\t\t\n\t\t\t<\/div>\n\t\t\t\t\t\t\t\t\t\t<a class=\"pa-gallery-whole-link\" href=\"\/en\/producciones\/as-bestas\/\">\n\t\t\t\t\t\t\t\t<span>\n\t\t\t\t\t\t\t\t\tTHE BEASTS\t\t\t\t\t\t\t\t<\/span>\n\t\t\t\t\t\t\t<\/a>\n\t\t\t\t\t\t\t\t\t\t\t<\/div>\n\t\t\t<\/div>\n\t\t\t\t\t\t\t<div class=\"premium-gallery-item elementor-repeater-item-0f3e471 largometrajes\">\n\t\t\t\t<div class=\"pa-gallery-img default\" onclick=\"\">\n\t\t\t\t\t<div class=\"pa-gallery-img-container\">\n\t\t\t\t\t\t\t\t<img loading=\"lazy\" decoding=\"async\" width=\"1919\" height=\"1080\" src=\"https:\/\/caballofilms.com\/wp-content\/uploads\/2025\/04\/madre-caballo-03-1.jpg\" class=\"attachment-full size-full wp-image-4338\" alt=\"Madre de Rodrigo Sorogoyen. Prod. Caballo Films\" srcset=\"https:\/\/caballofilms.com\/wp-content\/uploads\/2025\/04\/madre-caballo-03-1.jpg 1919w, https:\/\/caballofilms.com\/wp-content\/uploads\/2025\/04\/madre-caballo-03-1-300x169.jpg 300w, https:\/\/caballofilms.com\/wp-content\/uploads\/2025\/04\/madre-caballo-03-1-1024x576.jpg 1024w, https:\/\/caballofilms.com\/wp-content\/uploads\/2025\/04\/madre-caballo-03-1-768x432.jpg 768w, https:\/\/caballofilms.com\/wp-content\/uploads\/2025\/04\/madre-caballo-03-1-1536x864.jpg 1536w, https:\/\/caballofilms.com\/wp-content\/uploads\/2025\/04\/madre-caballo-03-1-18x10.jpg 18w\" sizes=\"(max-width: 1919px) 100vw, 1919px\" \/>\t\t\t\t\t\t\t<\/div>\n\t\t\t\t\t\t\t\t\t\t\t\t<div class=\"pa-gallery-icons-wrapper\">\n\t\t\t\t\t\t\t\t<div class=\"pa-gallery-icons-inner-container\">\n\t\t\t\t\t\t\t\t\t\t\t\t\t\t\t\t\t<\/div>\n\t\t\t\t\t\t\t<\/div>\n\t\t\t\t\t\t\t\t\t\t<div class=\"premium-gallery-caption\">\n\n\t\t\t\t\t\t\t\t\t<span class=\"premium-gallery-img-name\">MOTHER<\/span>\n\t\t\t\t\t\t\t\t\t\t<p class=\"premium-gallery-img-desc\">Feature Film | 2019 |124 min<\/p>\n\t\t\t\t\n\t\t\t<\/div>\n\t\t\t\t\t\t\t\t\t\t<a class=\"pa-gallery-whole-link\" href=\"\/en\/producciones\/madre-largo\/\">\n\t\t\t\t\t\t\t\t<span>\n\t\t\t\t\t\t\t\t\tMOTHER\t\t\t\t\t\t\t\t<\/span>\n\t\t\t\t\t\t\t<\/a>\n\t\t\t\t\t\t\t\t\t\t\t<\/div>\n\t\t\t<\/div>\n\t\t\t\n\t\t\t\t\t<\/div>\n\n\t\t\n\t<\/div>\n\n\t\t\n\t\t\n\t\t\t\t\t\t<\/div>\n\t\t\t\t<\/div>\n\t\t\t\t<\/div>\n\t\t\t\t<div class=\"elementor-element elementor-element-5c366af animated-slow elementor-invisible elementor-widget elementor-widget-button\" data-id=\"5c366af\" data-element_type=\"widget\" data-settings=\"{&quot;_animation&quot;:&quot;slideInUp&quot;}\" data-widget_type=\"button.default\">\n\t\t\t\t<div class=\"elementor-widget-container\">\n\t\t\t\t\t\t\t\t\t<div class=\"elementor-button-wrapper\">\n\t\t\t\t\t<a class=\"elementor-button elementor-button-link elementor-size-sm\" href=\"\/en\/producciones\/\">\n\t\t\t\t\t\t<span class=\"elementor-button-content-wrapper\">\n\t\t\t\t\t\t\t\t\t<span class=\"elementor-button-text\">See all productions<\/span>\n\t\t\t\t\t<\/span>\n\t\t\t\t\t<\/a>\n\t\t\t\t<\/div>\n\t\t\t\t\t\t\t\t<\/div>\n\t\t\t\t<\/div>\n\t\t\t\t\t<\/div>\n\t\t\t\t<\/div>\n\t\t\t\t<\/div>","protected":false},"excerpt":{"rendered":"<p>EL SER QUERIDO Largometraje | 2025 | En Postproducci\u00f3n Dirigido por Rodrigo Sorogoyen. Escrito por Isabel Pe\u00f1a y Rodrigo Sorogoyen. Un aclamado director de cine y su hija, una actriz sin \u00e9xito, ruedan juntos una pel\u00edcula tras a\u00f1os de distanciamiento y un pasado dif\u00edcil del que ninguno de los dos ha querido hablar. PRODUCCI\u00d3N, FINANCIACI\u00d3N [&hellip;]<\/p>","protected":false},"author":1,"featured_media":0,"parent":2388,"menu_order":0,"comment_status":"closed","ping_status":"closed","template":"","meta":{"footnotes":""},"class_list":["post-4299","page","type-page","status-publish","hentry"],"_links":{"self":[{"href":"https:\/\/caballofilms.com\/en\/wp-json\/wp\/v2\/pages\/4299","targetHints":{"allow":["GET"]}}],"collection":[{"href":"https:\/\/caballofilms.com\/en\/wp-json\/wp\/v2\/pages"}],"about":[{"href":"https:\/\/caballofilms.com\/en\/wp-json\/wp\/v2\/types\/page"}],"author":[{"embeddable":true,"href":"https:\/\/caballofilms.com\/en\/wp-json\/wp\/v2\/users\/1"}],"replies":[{"embeddable":true,"href":"https:\/\/caballofilms.com\/en\/wp-json\/wp\/v2\/comments?post=4299"}],"version-history":[{"count":80,"href":"https:\/\/caballofilms.com\/en\/wp-json\/wp\/v2\/pages\/4299\/revisions"}],"predecessor-version":[{"id":5406,"href":"https:\/\/caballofilms.com\/en\/wp-json\/wp\/v2\/pages\/4299\/revisions\/5406"}],"up":[{"embeddable":true,"href":"https:\/\/caballofilms.com\/en\/wp-json\/wp\/v2\/pages\/2388"}],"wp:attachment":[{"href":"https:\/\/caballofilms.com\/en\/wp-json\/wp\/v2\/media?parent=4299"}],"curies":[{"name":"wp","href":"https:\/\/api.w.org\/{rel}","templated":true}]}}